{"id":11,"date":"2021-11-21T15:01:04","date_gmt":"2021-11-21T15:01:04","guid":{"rendered":"http:\/\/www.helmihetki.fi\/?page_id=11"},"modified":"2026-03-12T08:09:51","modified_gmt":"2026-03-12T08:09:51","slug":"luo-sivustosi-lohkoilla","status":"publish","type":"page","link":"https:\/\/www.helmihetki.fi\/","title":{"rendered":"Tervetuloa v\u00e4rianalyysiin!"},"content":{"rendered":"\n<p class=\"has-text-align-center has-medium-font-size\"><strong>  BC-V\u00c4RIKONSULTTI MINNA YLIM\u00c4KI-HEMMINKI<\/strong><\/p>\n\n\n<div class=\"wp-block-image\">\n<figure class=\"aligncenter size-large is-resized\"><img loading=\"lazy\" decoding=\"async\" width=\"683\" height=\"1024\" src=\"https:\/\/www.helmihetki.fi\/wp-content\/uploads\/2025\/10\/MINNA-10-683x1024.jpg\" alt=\"\" class=\"wp-image-1030\" style=\"width:431px;height:auto\" srcset=\"https:\/\/www.helmihetki.fi\/wp-content\/uploads\/2025\/10\/MINNA-10-683x1024.jpg 683w, https:\/\/www.helmihetki.fi\/wp-content\/uploads\/2025\/10\/MINNA-10-200x300.jpg 200w, https:\/\/www.helmihetki.fi\/wp-content\/uploads\/2025\/10\/MINNA-10-768x1152.jpg 768w, https:\/\/www.helmihetki.fi\/wp-content\/uploads\/2025\/10\/MINNA-10-1024x1536.jpg 1024w, https:\/\/www.helmihetki.fi\/wp-content\/uploads\/2025\/10\/MINNA-10-scaled.jpg 1707w\" sizes=\"auto, (max-width: 683px) 100vw, 683px\" \/><\/figure>\n<\/div>\n\n\n<p><\/p>\n\n\n\n<p class=\"has-text-align-center has-medium-font-size\"><strong>Olen sinua varten, joka haluat saada varmuuden v\u00e4reist\u00e4, joissa hehkut ja olet parhaimmillasi! <\/strong><\/p>\n\n\n\n<p class=\"has-text-align-center has-small-font-size\">Kun pukeudut oikeisiin v\u00e4reihin, iho hehkuu kauniina, n\u00e4yt\u00e4t raikkaalta ja hyvinvoivalta.&nbsp;V\u00e4\u00e4r\u00e4t v\u00e4rit puolestaan saavat ihon n\u00e4ytt\u00e4m\u00e4\u00e4n kalpealta, kirjavalta tai samealta. Varjot, tummat silm\u00e4naluset ja rypyt korostuvat. &nbsp;V\u00e4rianalyysiss\u00e4 selvitet\u00e4\u00e4n ihon pohjav\u00e4ri, jonka perusteella oikeat v\u00e4rit l\u00f6ytyv\u00e4t. V\u00e4rimaailmoja on nelj\u00e4: Kev\u00e4t, kes\u00e4, syksy ja talvi.&nbsp;V\u00e4rianalyysi on sijoitus, joka tuottaa iloa vuosiksi eteenp\u00e4in! <strong>Tilaa aika v\u00e4rianalyysiin puh. 045 6144042, info.helmihetki@gmail.com. Hinta 140 \u20ac sis. henkil\u00f6kohtaiset v\u00e4rikortit.<\/strong> <strong>Osoite: Pihkam\u00e4nnyntie 3, Lapua. <\/strong><\/p>\n\n\n\n<p class=\"has-text-align-center has-small-font-size\"><strong>L\u00e4mpim\u00e4sti tervetuloa<\/strong>!<\/p>\n\n\n\n<p class=\"has-text-align-center has-small-font-size\"><a href=\"https:\/\/www.helmihetki.fi\/?page_id=663\" data-type=\"page\" data-id=\"663\">Lue lis\u00e4\u00e4<\/a><br><\/p>\n\n\n\n<div class=\"wp-block-group\"><div class=\"wp-block-group__inner-container is-layout-flow wp-block-group-is-layout-flow\">\n<figure class=\"wp-block-gallery aligncenter has-nested-images columns-default is-cropped wp-block-gallery-1 is-layout-flex wp-block-gallery-is-layout-flex\"><\/figure>\n\n\n\n<p><\/p>\n<\/div><\/div>\n\n\n\n<p><\/p>\n\n\n\n<div class=\"wp-block-group\"><div class=\"wp-block-group__inner-container is-layout-flow wp-block-group-is-layout-flow\"><div class=\"aligncenter wp-block-site-logo\"><a href=\"https:\/\/www.helmihetki.fi\/\" class=\"custom-logo-link\" rel=\"home\"><img loading=\"lazy\" decoding=\"async\" width=\"211\" height=\"87\" src=\"https:\/\/www.helmihetki.fi\/wp-content\/uploads\/2021\/11\/Helmihetkilogopidempinetti.png\" class=\"custom-logo\" alt=\"V&Auml;RIANALYYSIT, KORUT, KORTIT JA TAULUT EL&Auml;M&Auml;N ERITYISIIN HETKIIN\" srcset=\"https:\/\/www.helmihetki.fi\/wp-content\/uploads\/2021\/11\/Helmihetkilogopidempinetti.png 1280w, https:\/\/www.helmihetki.fi\/wp-content\/uploads\/2021\/11\/Helmihetkilogopidempinetti-300x125.png 300w, https:\/\/www.helmihetki.fi\/wp-content\/uploads\/2021\/11\/Helmihetkilogopidempinetti-1024x426.png 1024w, https:\/\/www.helmihetki.fi\/wp-content\/uploads\/2021\/11\/Helmihetkilogopidempinetti-768x319.png 768w\" sizes=\"auto, (max-width: 211px) 100vw, 211px\" \/><\/a><\/div><\/div><\/div>\n","protected":false},"excerpt":{"rendered":"<p>V\u00e4rianalyysiss\u00e4 selvi\u00e4\u00e4 v\u00e4rit, joissa olet parhaimmillasi! Tervetuloa v\u00e4rianalyysiin.<\/p>\n","protected":false},"author":1,"featured_media":0,"parent":0,"menu_order":0,"comment_status":"closed","ping_status":"closed","template":"","meta":{"footnotes":""},"class_list":["post-11","page","type-page","status-publish","hentry"],"_links":{"self":[{"href":"https:\/\/www.helmihetki.fi\/index.php?rest_route=\/wp\/v2\/pages\/11","targetHints":{"allow":["GET"]}}],"collection":[{"href":"https:\/\/www.helmihetki.fi\/index.php?rest_route=\/wp\/v2\/pages"}],"about":[{"href":"https:\/\/www.helmihetki.fi\/index.php?rest_route=\/wp\/v2\/types\/page"}],"author":[{"embeddable":true,"href":"https:\/\/www.helmihetki.fi\/index.php?rest_route=\/wp\/v2\/users\/1"}],"replies":[{"embeddable":true,"href":"https:\/\/www.helmihetki.fi\/index.php?rest_route=%2Fwp%2Fv2%2Fcomments&post=11"}],"version-history":[{"count":160,"href":"https:\/\/www.helmihetki.fi\/index.php?rest_route=\/wp\/v2\/pages\/11\/revisions"}],"predecessor-version":[{"id":1084,"href":"https:\/\/www.helmihetki.fi\/index.php?rest_route=\/wp\/v2\/pages\/11\/revisions\/1084"}],"wp:attachment":[{"href":"https:\/\/www.helmihetki.fi\/index.php?rest_route=%2Fwp%2Fv2%2Fmedia&parent=11"}],"curies":[{"name":"wp","href":"https:\/\/api.w.org\/{rel}","templated":true}]}}