{"id":12,"date":"2021-11-21T15:01:04","date_gmt":"2021-11-21T15:01:04","guid":{"rendered":"http:\/\/www.helmihetki.fi\/?page_id=12"},"modified":"2026-03-12T08:08:30","modified_gmt":"2026-03-12T08:08:30","slug":"tietoja","status":"publish","type":"page","link":"https:\/\/www.helmihetki.fi\/?page_id=12","title":{"rendered":"Helmihetken tarina"},"content":{"rendered":"\n<p><\/p>\n\n\n\n<p><\/p>\n\n\n\n<p><\/p>\n\n\n<div class=\"wp-block-image\">\n<figure class=\"aligncenter size-large\"><img loading=\"lazy\" decoding=\"async\" width=\"683\" height=\"1024\" src=\"http:\/\/www.helmihetki.fi\/wp-content\/uploads\/2025\/04\/MinnaYlimaki-Hemminki2025NETTI-683x1024.jpg\" alt=\"\" class=\"wp-image-967\" srcset=\"https:\/\/www.helmihetki.fi\/wp-content\/uploads\/2025\/04\/MinnaYlimaki-Hemminki2025NETTI-683x1024.jpg 683w, https:\/\/www.helmihetki.fi\/wp-content\/uploads\/2025\/04\/MinnaYlimaki-Hemminki2025NETTI-200x300.jpg 200w, https:\/\/www.helmihetki.fi\/wp-content\/uploads\/2025\/04\/MinnaYlimaki-Hemminki2025NETTI-768x1152.jpg 768w, https:\/\/www.helmihetki.fi\/wp-content\/uploads\/2025\/04\/MinnaYlimaki-Hemminki2025NETTI-1024x1536.jpg 1024w, https:\/\/www.helmihetki.fi\/wp-content\/uploads\/2025\/04\/MinnaYlimaki-Hemminki2025NETTI-1366x2048.jpg 1366w, https:\/\/www.helmihetki.fi\/wp-content\/uploads\/2025\/04\/MinnaYlimaki-Hemminki2025NETTI.jpg 1575w\" sizes=\"auto, (max-width: 683px) 100vw, 683px\" \/><\/figure>\n<\/div>\n\n\n<p><\/p>\n\n\n\n<p class=\"has-text-align-center\">Helmihetki on&nbsp;<strong>Minna Ylim\u00e4ki-Hemmingin<\/strong>&nbsp;kev\u00e4\u00e4ll\u00e4 2021 perustama yritys, jossa valmistuvat k\u00e4sity\u00f6n\u00e4 korut, kortit ja taulut. Yrityksen tavoitteena on luoda kauneutta ja hyv\u00e4\u00e4 mielt\u00e4 ja olla mukana korujen, korttien ja taulujen v\u00e4lityksell\u00e4 ihmisten arjessa ja juhlassa, el\u00e4m\u00e4n helmihetkiss\u00e4.  Ruusut, syd\u00e4met ja kristillinen symboliikka ovat korusuunnittelijan lempiaiheita. H\u00e4nen koruja on myynniss\u00e4 mm. Sacrumissa.<\/p>\n\n\n\n<p class=\"has-text-align-center\">Minna on koulutukseltaan teologian maisteri ja ratkaisukeskeinen terapeutti, mutta h\u00e4nell\u00e4 on tutkinnot my\u00f6s viestinn\u00e4st\u00e4, tuotekehittelyst\u00e4 ja johtamisesta. Minna on ollut viestint\u00e4teht\u00e4viss\u00e4 25 vuotta.<\/p>\n\n\n\n<p class=\"has-text-align-center\">Viime vuosina Minnan tauluja on ollut mukana taiden\u00e4yttelyiss\u00e4 Lapualla, Sein\u00e4joella, Teuvalla ja Varkaudessa. <\/p>\n\n\n\n<p class=\"has-text-align-center\">Syyskuussa 2022 Minna valmistui BC-v\u00e4rikonsultiksi ja on sen j\u00e4lkeen tehnyt v\u00e4rianalyysej\u00e4. V\u00e4rien maailma on se, mik\u00e4 h\u00e4nt\u00e4 innostaa niin tauluissa, koruissa ja pukeutumisessa. V\u00e4rill\u00e4 on v\u00e4li\u00e4! onkin h\u00e4nen mottonsa ja Minna haastaa ihmisi\u00e4 mielell\u00e4\u00e4n pukeutumaan muihinkin v\u00e4reihin kuin mustaan. Oikeilla v\u00e4reill\u00e4 saa uutta hehkua el\u00e4m\u00e4\u00e4n. <\/p>\n\n\n<div class=\"is-default-size aligncenter wp-block-site-logo\"><a href=\"https:\/\/www.helmihetki.fi\/\" class=\"custom-logo-link\" rel=\"home\"><img loading=\"lazy\" decoding=\"async\" width=\"1280\" height=\"532\" src=\"https:\/\/www.helmihetki.fi\/wp-content\/uploads\/2021\/11\/Helmihetkilogopidempinetti.png\" class=\"custom-logo\" alt=\"V&Auml;RIANALYYSIT, KORUT, KORTIT JA TAULUT EL&Auml;M&Auml;N ERITYISIIN HETKIIN\" srcset=\"https:\/\/www.helmihetki.fi\/wp-content\/uploads\/2021\/11\/Helmihetkilogopidempinetti.png 1280w, https:\/\/www.helmihetki.fi\/wp-content\/uploads\/2021\/11\/Helmihetkilogopidempinetti-300x125.png 300w, https:\/\/www.helmihetki.fi\/wp-content\/uploads\/2021\/11\/Helmihetkilogopidempinetti-1024x426.png 1024w, https:\/\/www.helmihetki.fi\/wp-content\/uploads\/2021\/11\/Helmihetkilogopidempinetti-768x319.png 768w\" sizes=\"auto, (max-width: 1280px) 100vw, 1280px\" \/><\/a><\/div>\n\n\n<p><\/p>\n\n\n\n<p><\/p>\n\n\n\n<p><\/p>\n","protected":false},"excerpt":{"rendered":"<p>Helmihetki on&nbsp;Minna Ylim\u00e4ki-Hemmingin&nbsp;kev\u00e4\u00e4ll\u00e4 2021 perustama yritys, jossa valmistuvat k\u00e4sity\u00f6n\u00e4 korut, kortit ja taulut. Yrityksen tavoitteena on luoda kauneutta ja hyv\u00e4\u00e4 mielt\u00e4 ja olla mukana korujen, korttien ja taulujen v\u00e4lityksell\u00e4 ihmisten arjessa ja juhlassa, el\u00e4m\u00e4n helmihetkiss\u00e4. Ruusut, syd\u00e4met ja kristillinen symboliikka ovat korusuunnittelijan lempiaiheita. H\u00e4nen koruja on myynniss\u00e4 mm. Sacrumissa. Minna on koulutukseltaan teologian maisteri ja &hellip; <\/p>\n","protected":false},"author":1,"featured_media":0,"parent":0,"menu_order":2,"comment_status":"closed","ping_status":"closed","template":"","meta":{"footnotes":""},"class_list":["post-12","page","type-page","status-publish","hentry"],"_links":{"self":[{"href":"https:\/\/www.helmihetki.fi\/index.php?rest_route=\/wp\/v2\/pages\/12","targetHints":{"allow":["GET"]}}],"collection":[{"href":"https:\/\/www.helmihetki.fi\/index.php?rest_route=\/wp\/v2\/pages"}],"about":[{"href":"https:\/\/www.helmihetki.fi\/index.php?rest_route=\/wp\/v2\/types\/page"}],"author":[{"embeddable":true,"href":"https:\/\/www.helmihetki.fi\/index.php?rest_route=\/wp\/v2\/users\/1"}],"replies":[{"embeddable":true,"href":"https:\/\/www.helmihetki.fi\/index.php?rest_route=%2Fwp%2Fv2%2Fcomments&post=12"}],"version-history":[{"count":53,"href":"https:\/\/www.helmihetki.fi\/index.php?rest_route=\/wp\/v2\/pages\/12\/revisions"}],"predecessor-version":[{"id":1083,"href":"https:\/\/www.helmihetki.fi\/index.php?rest_route=\/wp\/v2\/pages\/12\/revisions\/1083"}],"wp:attachment":[{"href":"https:\/\/www.helmihetki.fi\/index.php?rest_route=%2Fwp%2Fv2%2Fmedia&parent=12"}],"curies":[{"name":"wp","href":"https:\/\/api.w.org\/{rel}","templated":true}]}}