{"id":13,"date":"2021-11-21T15:01:04","date_gmt":"2021-11-21T15:01:04","guid":{"rendered":"http:\/\/www.helmihetki.fi\/?page_id=13"},"modified":"2025-09-29T12:00:13","modified_gmt":"2025-09-29T12:00:13","slug":"ota-yhteytta","status":"publish","type":"page","link":"https:\/\/www.helmihetki.fi\/?page_id=13","title":{"rendered":"Tilaukset"},"content":{"rendered":"\n<p class=\"has-black-color has-text-color\"><strong>Koru- ja taulutilaukset: <\/strong>info.helmihetki@gmail.com. Voit tehd\u00e4 tilauksen my\u00f6s Facebook-sivujen kautta viestin\u00e4 tai vaikka tekstiviestill\u00e4 p. 045 6144042.<\/p>\n\n\n\n<p>Kun olet tehnyt tilauksen, l\u00e4het\u00e4n viipym\u00e4tt\u00e4 tilauksesi ja laskun. Sinun ei siis tarvitse etuk\u00e4teen maksaa tilaustasi! Korviksiin tulee 2 \u20ac postimaksu, kaulakoruihin 3 \u20ac postimaksu ja tauluihin koon mukaan 6 \u20ac-20 \u20ac.  Yli 60 euron tilauksiin ei tule postimaksuja. Voit my\u00f6s sovittaessa tulla kotiini Lapualle katsomaan koruja ja tauluja tai hakemaan tilauksesi.<\/p>\n\n\n\n<p class=\"has-black-color has-text-color\"><strong>Yhteydenotot: <\/strong>Minna Ylim\u00e4ki-Hemminki p. 045 6144042, info.helmihetki@gmail.com.<\/p>\n\n\n\n<figure class=\"wp-block-gallery has-nested-images columns-default is-cropped wp-block-gallery-1 is-layout-flex wp-block-gallery-is-layout-flex\">\n<figure class=\"wp-block-image size-large\"><img loading=\"lazy\" decoding=\"async\" width=\"551\" height=\"511\" data-id=\"109\" src=\"https:\/\/www.helmihetki.fi\/wp-content\/uploads\/2021\/11\/LogoMinnayksikirjainparasnetti.jpg\" alt=\"\" class=\"wp-image-109\" srcset=\"https:\/\/www.helmihetki.fi\/wp-content\/uploads\/2021\/11\/LogoMinnayksikirjainparasnetti.jpg 551w, https:\/\/www.helmihetki.fi\/wp-content\/uploads\/2021\/11\/LogoMinnayksikirjainparasnetti-300x278.jpg 300w, https:\/\/www.helmihetki.fi\/wp-content\/uploads\/2021\/11\/LogoMinnayksikirjainparasnetti-65x60.jpg 65w\" sizes=\"auto, (max-width: 551px) 100vw, 551px\" \/><\/figure>\n<\/figure>\n","protected":false},"excerpt":{"rendered":"<p>Koru- ja taulutilaukset: info.helmihetki@gmail.com. Voit tehd\u00e4 tilauksen my\u00f6s Facebook-sivujen kautta viestin\u00e4 tai vaikka tekstiviestill\u00e4 p. 045 6144042. Kun olet tehnyt tilauksen, l\u00e4het\u00e4n viipym\u00e4tt\u00e4 tilauksesi ja laskun. Sinun ei siis tarvitse etuk\u00e4teen maksaa tilaustasi! Korviksiin tulee 2 \u20ac postimaksu, kaulakoruihin 3 \u20ac postimaksu ja tauluihin koon mukaan 6 \u20ac-20 \u20ac. Yli 60 euron tilauksiin ei tule &hellip; <\/p>\n","protected":false},"author":1,"featured_media":0,"parent":0,"menu_order":0,"comment_status":"closed","ping_status":"closed","template":"","meta":{"footnotes":""},"class_list":["post-13","page","type-page","status-publish","hentry"],"_links":{"self":[{"href":"https:\/\/www.helmihetki.fi\/index.php?rest_route=\/wp\/v2\/pages\/13","targetHints":{"allow":["GET"]}}],"collection":[{"href":"https:\/\/www.helmihetki.fi\/index.php?rest_route=\/wp\/v2\/pages"}],"about":[{"href":"https:\/\/www.helmihetki.fi\/index.php?rest_route=\/wp\/v2\/types\/page"}],"author":[{"embeddable":true,"href":"https:\/\/www.helmihetki.fi\/index.php?rest_route=\/wp\/v2\/users\/1"}],"replies":[{"embeddable":true,"href":"https:\/\/www.helmihetki.fi\/index.php?rest_route=%2Fwp%2Fv2%2Fcomments&post=13"}],"version-history":[{"count":33,"href":"https:\/\/www.helmihetki.fi\/index.php?rest_route=\/wp\/v2\/pages\/13\/revisions"}],"predecessor-version":[{"id":1028,"href":"https:\/\/www.helmihetki.fi\/index.php?rest_route=\/wp\/v2\/pages\/13\/revisions\/1028"}],"wp:attachment":[{"href":"https:\/\/www.helmihetki.fi\/index.php?rest_route=%2Fwp%2Fv2%2Fmedia&parent=13"}],"curies":[{"name":"wp","href":"https:\/\/api.w.org\/{rel}","templated":true}]}}