{"id":663,"date":"2022-09-28T17:55:40","date_gmt":"2022-09-28T17:55:40","guid":{"rendered":"http:\/\/www.helmihetki.fi\/?page_id=663"},"modified":"2026-03-15T20:11:09","modified_gmt":"2026-03-15T20:11:09","slug":"varianalyysit","status":"publish","type":"page","link":"https:\/\/www.helmihetki.fi\/?page_id=663","title":{"rendered":"V\u00e4rianalyysist\u00e4 uutta hehkua el\u00e4m\u00e4\u00e4n!"},"content":{"rendered":"\n<p class=\"has-text-align-center\">V\u00e4rianalyysi on kerran el\u00e4m\u00e4ss\u00e4 teht\u00e4v\u00e4 sijoitus, joka kannattaa! Kun pukeudut oikeisiin v\u00e4reihin, iho hehkuu kauniina, n\u00e4yt\u00e4t raikkaalta ja hyvinvoivalta. V\u00e4\u00e4r\u00e4t v\u00e4rit puolestaan saavat ihon n\u00e4ytt\u00e4m\u00e4\u00e4n kalpealta, kirjavalta tai samealta. Varjot, tummat silm\u00e4naluset ja rypyt korostuvat. V\u00e4rianalyysiss\u00e4 selvitet\u00e4\u00e4n ihon pohjav\u00e4ri, jonka perusteella oikeat v\u00e4rit l\u00f6ytyv\u00e4t. V\u00e4rimaailmoja on nelj\u00e4: Kev\u00e4t, kes\u00e4, syksy ja talvi. Kun oma v\u00e4rimaailma on selvill\u00e4, analyysista saa mukaansa v\u00e4ripaletin, jonka avulla oikeanv\u00e4risten vaatteiden, asusteiden ja meikkien ostamisesta tulee helppoa ja mukavaa.<\/p>\n\n\n\n<p class=\"has-text-align-center\"><strong>V\u00e4rianalyysiin kannattaa varata aikaa noin 1,5 h ja hinta on 140 \u20ac sis. henkil\u00f6kohtaiset v\u00e4rikortit. <\/strong><\/p>\n\n\n\n<p><\/p>\n\n\n<div class=\"wp-block-image\">\n<figure class=\"aligncenter size-large\"><img loading=\"lazy\" decoding=\"async\" width=\"683\" height=\"1024\" src=\"http:\/\/www.helmihetki.fi\/wp-content\/uploads\/2025\/03\/Minna2025_varianalyysiNETTI-683x1024.jpg\" alt=\"\" class=\"wp-image-961\" srcset=\"https:\/\/www.helmihetki.fi\/wp-content\/uploads\/2025\/03\/Minna2025_varianalyysiNETTI-683x1024.jpg 683w, https:\/\/www.helmihetki.fi\/wp-content\/uploads\/2025\/03\/Minna2025_varianalyysiNETTI-200x300.jpg 200w, https:\/\/www.helmihetki.fi\/wp-content\/uploads\/2025\/03\/Minna2025_varianalyysiNETTI-768x1152.jpg 768w, https:\/\/www.helmihetki.fi\/wp-content\/uploads\/2025\/03\/Minna2025_varianalyysiNETTI-1024x1536.jpg 1024w, https:\/\/www.helmihetki.fi\/wp-content\/uploads\/2025\/03\/Minna2025_varianalyysiNETTI-1366x2048.jpg 1366w, https:\/\/www.helmihetki.fi\/wp-content\/uploads\/2025\/03\/Minna2025_varianalyysiNETTI.jpg 1575w\" sizes=\"auto, (max-width: 683px) 100vw, 683px\" \/><\/figure>\n<\/div>\n\n\n<p class=\"has-text-align-center\"><br><br>Minna Ylim\u00e4ki-Hemminki tekee v\u00e4rianalyysej\u00e4 Lapualla os. Pihkam\u00e4nnyntie 3. <strong>Ota yhteytt\u00e4 niin sovitaan sinulle sopiva aika: info.helmihetki@gmail.com tai p. 045 6144042<\/strong>. Pihkam\u00e4nnyntiell\u00e4 on mahdollista j\u00e4rjest\u00e4\u00e4 my\u00f6s tyhy-iltoja, naisten iltoja ja tehd\u00e4 v\u00e4rianalyysej\u00e4 pienille ryhmille (2-5 henkil\u00f6\u00e4). <\/p>\n\n\n\n<p class=\"has-text-align-center\">Muista my\u00f6s lahjakortit! Lahjakortin saat halutessasi my\u00f6s s\u00e4hk\u00f6postiin tai kuvaviestin\u00e4 puhelimeesi, josta se on helppo v\u00e4litt\u00e4\u00e4 lahjan saajalle.<\/p>\n\n\n\n<figure class=\"wp-block-pullquote\"><blockquote><p><em>Minnan v\u00e4rianalyysi oli aivan terapeuttinen kokemus. Minna on huikea ammattilainen. Itse olen aina k\u00e4ytt\u00e4nyt paljon punaista. V\u00e4rianalyysin j\u00e4lkeen aloin hankkia kylm\u00e4n pinkin s\u00e4vyj\u00e4 ja vallan ihastuin. En olisi uskonut, mik\u00e4 vaikutus oikeilla v\u00e4rivalinoilla voi olla.<\/em><br><br><em>Tarja Annala, Sein\u00e4joki<\/em><\/p><\/blockquote><\/figure>\n\n\n\n<figure class=\"wp-block-pullquote\"><blockquote><p>Kiitos <em>Minna tekem\u00e4st\u00e4si v\u00e4rianalyysist\u00e4! Sain sinulta yst\u00e4v\u00e4llist\u00e4 ja ammattilaista apua omien v\u00e4rien etsimisess\u00e4. Sain varmuutta pukea v\u00e4rej\u00e4, joita aikaisemmin ep\u00e4ilin ja nyt ihailen kuinka hyvilt\u00e4 ne p\u00e4\u00e4ll\u00e4ni n\u00e4ytt\u00e4v\u00e4tk\u00e4\u00e4n. <br><br>Satu Soitu, Sein\u00e4joki<\/em><\/p><\/blockquote><\/figure>\n\n\n\n<figure class=\"wp-block-pullquote\"><blockquote><p><em>V\u00e4rianalyysi oli kiva kokemus, suosittelen! Minna on ammattilainen. Nyt tiet\u00e4\u00e4, mill\u00e4 v\u00e4reill\u00e4 vaatekaapin t\u00e4ytt\u00e4\u00e4. <br><\/em><br><em>Hanne Saarikoski, Lapua<\/em><\/p><\/blockquote><\/figure>\n\n\n\n<figure class=\"wp-block-image size-full\"><img loading=\"lazy\" decoding=\"async\" width=\"1134\" height=\"756\" src=\"http:\/\/www.helmihetki.fi\/wp-content\/uploads\/2026\/03\/IMG_6871NETTI.jpg\" alt=\"\" class=\"wp-image-1087\"\/><\/figure>\n\n\n\n<figure class=\"wp-block-image size-full\"><img loading=\"lazy\" decoding=\"async\" width=\"850\" height=\"1032\" src=\"http:\/\/www.helmihetki.fi\/wp-content\/uploads\/2026\/03\/IMG_6851-kopio-NETTI.jpg\" alt=\"\" class=\"wp-image-1086\"\/><\/figure>\n\n\n\n<p class=\"has-text-align-center\">Rosa-Maria Saarela hehkuu kev\u00e4\u00e4n kirkkaissa ja l\u00e4mpimiss\u00e4 s\u00e4vyiss\u00e4. <\/p>\n\n\n\n<div class=\"wp-block-group\"><div class=\"wp-block-group__inner-container is-layout-flow wp-block-group-is-layout-flow\">\n<div class=\"wp-block-group\"><div class=\"wp-block-group__inner-container is-layout-flow wp-block-group-is-layout-flow\">\n<figure class=\"wp-block-gallery has-nested-images columns-default is-cropped wp-block-gallery-1 is-layout-flex wp-block-gallery-is-layout-flex\">\n<figure class=\"wp-block-image size-large\"><img loading=\"lazy\" decoding=\"async\" width=\"683\" height=\"1024\" data-id=\"714\" src=\"https:\/\/www.helmihetki.fi\/wp-content\/uploads\/2023\/02\/092022KV01_web_15-1-683x1024.jpg\" alt=\"\" class=\"wp-image-714\" srcset=\"https:\/\/www.helmihetki.fi\/wp-content\/uploads\/2023\/02\/092022KV01_web_15-1-683x1024.jpg 683w, https:\/\/www.helmihetki.fi\/wp-content\/uploads\/2023\/02\/092022KV01_web_15-1-200x300.jpg 200w, https:\/\/www.helmihetki.fi\/wp-content\/uploads\/2023\/02\/092022KV01_web_15-1-768x1152.jpg 768w, https:\/\/www.helmihetki.fi\/wp-content\/uploads\/2023\/02\/092022KV01_web_15-1-40x60.jpg 40w, https:\/\/www.helmihetki.fi\/wp-content\/uploads\/2023\/02\/092022KV01_web_15-1.jpg 1024w\" sizes=\"auto, (max-width: 683px) 100vw, 683px\" \/><figcaption class=\"wp-element-caption\">Kes\u00e4naisen v\u00e4\u00e4r\u00e4t v\u00e4rit<\/figcaption><\/figure>\n\n\n\n<figure class=\"wp-block-image size-large\"><img loading=\"lazy\" decoding=\"async\" width=\"683\" height=\"1024\" data-id=\"644\" src=\"https:\/\/www.helmihetki.fi\/wp-content\/uploads\/2022\/09\/092022KV01_web_7-683x1024.jpg\" alt=\"\" class=\"wp-image-644\" srcset=\"https:\/\/www.helmihetki.fi\/wp-content\/uploads\/2022\/09\/092022KV01_web_7-683x1024.jpg 683w, https:\/\/www.helmihetki.fi\/wp-content\/uploads\/2022\/09\/092022KV01_web_7-200x300.jpg 200w, https:\/\/www.helmihetki.fi\/wp-content\/uploads\/2022\/09\/092022KV01_web_7-768x1152.jpg 768w, https:\/\/www.helmihetki.fi\/wp-content\/uploads\/2022\/09\/092022KV01_web_7-1024x1536.jpg 1024w, https:\/\/www.helmihetki.fi\/wp-content\/uploads\/2022\/09\/092022KV01_web_7-1365x2048.jpg 1365w, https:\/\/www.helmihetki.fi\/wp-content\/uploads\/2022\/09\/092022KV01_web_7-40x60.jpg 40w, https:\/\/www.helmihetki.fi\/wp-content\/uploads\/2022\/09\/092022KV01_web_7.jpg 1440w\" sizes=\"auto, (max-width: 683px) 100vw, 683px\" \/><figcaption class=\"wp-element-caption\">Kes\u00e4naisen oikeat v\u00e4rit<\/figcaption><\/figure>\n<\/figure>\n<\/div><\/div>\n<\/div><\/div>\n\n\n\n<figure class=\"wp-block-gallery has-nested-images columns-default is-cropped wp-block-gallery-2 is-layout-flex wp-block-gallery-is-layout-flex\"><\/figure>\n\n\n<div class=\"wp-block-image\">\n<figure class=\"aligncenter size-large\"><img loading=\"lazy\" decoding=\"async\" width=\"768\" height=\"1024\" src=\"http:\/\/www.helmihetki.fi\/wp-content\/uploads\/2023\/04\/20230418_191317-768x1024.jpg\" alt=\"\" class=\"wp-image-735\" srcset=\"https:\/\/www.helmihetki.fi\/wp-content\/uploads\/2023\/04\/20230418_191317-768x1024.jpg 768w, https:\/\/www.helmihetki.fi\/wp-content\/uploads\/2023\/04\/20230418_191317-225x300.jpg 225w, https:\/\/www.helmihetki.fi\/wp-content\/uploads\/2023\/04\/20230418_191317-scaled.jpg 1920w\" sizes=\"auto, (max-width: 768px) 100vw, 768px\" \/><figcaption class=\"wp-element-caption\">V\u00e4rianalyysi on mainio aihe tyhy-toimintaan tai yst\u00e4vien illanviettoihin. <\/figcaption><\/figure>\n<\/div>\n\n\n<figure class=\"wp-block-image size-large\"><img loading=\"lazy\" decoding=\"async\" width=\"791\" height=\"1024\" src=\"http:\/\/www.helmihetki.fi\/wp-content\/uploads\/2025\/06\/Koti-791x1024.jpg\" alt=\"\" class=\"wp-image-1006\" srcset=\"https:\/\/www.helmihetki.fi\/wp-content\/uploads\/2025\/06\/Koti-791x1024.jpg 791w, https:\/\/www.helmihetki.fi\/wp-content\/uploads\/2025\/06\/Koti-232x300.jpg 232w, https:\/\/www.helmihetki.fi\/wp-content\/uploads\/2025\/06\/Koti-768x995.jpg 768w, https:\/\/www.helmihetki.fi\/wp-content\/uploads\/2025\/06\/Koti-1186x1536.jpg 1186w, https:\/\/www.helmihetki.fi\/wp-content\/uploads\/2025\/06\/Koti-1581x2048.jpg 1581w, https:\/\/www.helmihetki.fi\/wp-content\/uploads\/2025\/06\/Koti-scaled.jpg 1977w\" sizes=\"auto, (max-width: 791px) 100vw, 791px\" \/><\/figure>\n\n\n\n<p>V\u00e4rianalyysit tehd\u00e4\u00e4n Lapualla osoitteessa Pihkam\u00e4nnyntie 3 (l\u00e4hell\u00e4 Liuhtarin koulua). T\u00e4ss\u00e4 on ovi, josta tulet sis\u00e4\u00e4n v\u00e4rien maailmaan. Tervetuloa!<\/p>\n\n\n\n<p><\/p>\n","protected":false},"excerpt":{"rendered":"<p>V\u00e4rianalyysi on kerran el\u00e4m\u00e4ss\u00e4 teht\u00e4v\u00e4 sijoitus, joka kannattaa! Kun pukeudut oikeisiin v\u00e4reihin, iho hehkuu kauniina, n\u00e4yt\u00e4t raikkaalta ja hyvinvoivalta. V\u00e4\u00e4r\u00e4t v\u00e4rit puolestaan saavat ihon n\u00e4ytt\u00e4m\u00e4\u00e4n kalpealta, kirjavalta tai samealta. Varjot, tummat silm\u00e4naluset ja rypyt korostuvat. V\u00e4rianalyysiss\u00e4 selvitet\u00e4\u00e4n ihon pohjav\u00e4ri, jonka perusteella oikeat v\u00e4rit l\u00f6ytyv\u00e4t. V\u00e4rimaailmoja on nelj\u00e4: Kev\u00e4t, kes\u00e4, syksy ja talvi. Kun oma v\u00e4rimaailma &hellip; <\/p>\n","protected":false},"author":1,"featured_media":0,"parent":0,"menu_order":0,"comment_status":"closed","ping_status":"closed","template":"","meta":{"footnotes":""},"class_list":["post-663","page","type-page","status-publish","hentry"],"_links":{"self":[{"href":"https:\/\/www.helmihetki.fi\/index.php?rest_route=\/wp\/v2\/pages\/663","targetHints":{"allow":["GET"]}}],"collection":[{"href":"https:\/\/www.helmihetki.fi\/index.php?rest_route=\/wp\/v2\/pages"}],"about":[{"href":"https:\/\/www.helmihetki.fi\/index.php?rest_route=\/wp\/v2\/types\/page"}],"author":[{"embeddable":true,"href":"https:\/\/www.helmihetki.fi\/index.php?rest_route=\/wp\/v2\/users\/1"}],"replies":[{"embeddable":true,"href":"https:\/\/www.helmihetki.fi\/index.php?rest_route=%2Fwp%2Fv2%2Fcomments&post=663"}],"version-history":[{"count":53,"href":"https:\/\/www.helmihetki.fi\/index.php?rest_route=\/wp\/v2\/pages\/663\/revisions"}],"predecessor-version":[{"id":1092,"href":"https:\/\/www.helmihetki.fi\/index.php?rest_route=\/wp\/v2\/pages\/663\/revisions\/1092"}],"wp:attachment":[{"href":"https:\/\/www.helmihetki.fi\/index.php?rest_route=%2Fwp%2Fv2%2Fmedia&parent=663"}],"curies":[{"name":"wp","href":"https:\/\/api.w.org\/{rel}","templated":true}]}}