{"id":86,"date":"2021-11-21T17:04:22","date_gmt":"2021-11-21T17:04:22","guid":{"rendered":"http:\/\/www.helmihetki.fi\/?page_id=86"},"modified":"2026-03-12T08:07:08","modified_gmt":"2026-03-12T08:07:08","slug":"taulut","status":"publish","type":"page","link":"https:\/\/www.helmihetki.fi\/?page_id=86","title":{"rendered":"Taide"},"content":{"rendered":"\n<p>Minna Ylim\u00e4ki-Hemminki on lapualainen taidemaalari. H\u00e4n maalaa mielell\u00e4\u00e4n sisukkaita naisia, suloisia lapsia, kev\u00e4ist\u00e4 kukkaloistoa, herkki\u00e4 parisuhteita ja suojelevia siipi\u00e4. Toisinaan Ylim\u00e4ki-Hemminki kuvaa maalauksissaan my\u00f6s el\u00e4m\u00e4n syvyytt\u00e4 ja rosoa, mutta p\u00e4\u00e4llimm\u00e4isen\u00e4 tarkoituksenaan h\u00e4nell\u00e4 on ilahduttaa, rohkaista ja vahvistaa uskoa ja toivoa.<br><\/p>\n\n\n\n<p><strong>TAIDEKORTIT<\/strong><br>Minnan taidekortteja on myynniss\u00e4 Tuulia Designissa Kauhavalla ja taidemuseon kaupassa Lapualla.<br><br><strong>LIS\u00c4TIEDOT<\/strong><br>info.helmihetki@gmail.com tai p. 045 6144042.<\/p>\n\n\n\n<p><strong>Sosiaalinen media: <\/strong>Minnan taidep\u00e4ivityksi\u00e4 voi seurata Facebookissa sivulla &#8221;ART Minna Ylim\u00e4ki-Hemminki&#8221; ja Instagramissa &#8221;Minna Ylim\u00e4ki-Hemminki\/HELMIHETKI&#8221;.<\/p>\n\n\n\n<figure class=\"wp-block-image size-large\"><img loading=\"lazy\" decoding=\"async\" width=\"1024\" height=\"832\" src=\"http:\/\/www.helmihetki.fi\/wp-content\/uploads\/2025\/06\/IMG_3964-kopio-1024x832.jpg\" alt=\"\" class=\"wp-image-1007\" srcset=\"https:\/\/www.helmihetki.fi\/wp-content\/uploads\/2025\/06\/IMG_3964-kopio-1024x832.jpg 1024w, https:\/\/www.helmihetki.fi\/wp-content\/uploads\/2025\/06\/IMG_3964-kopio-300x244.jpg 300w, https:\/\/www.helmihetki.fi\/wp-content\/uploads\/2025\/06\/IMG_3964-kopio-768x624.jpg 768w, https:\/\/www.helmihetki.fi\/wp-content\/uploads\/2025\/06\/IMG_3964-kopio-1536x1248.jpg 1536w, https:\/\/www.helmihetki.fi\/wp-content\/uploads\/2025\/06\/IMG_3964-kopio-2048x1663.jpg 2048w\" sizes=\"auto, (max-width: 1024px) 100vw, 1024px\" \/><\/figure>\n\n\n\n<figure class=\"wp-block-image size-large\"><img loading=\"lazy\" decoding=\"async\" width=\"1024\" height=\"851\" src=\"http:\/\/www.helmihetki.fi\/wp-content\/uploads\/2025\/06\/IMG_3960-kopio-1024x851.jpg\" alt=\"\" class=\"wp-image-1008\" srcset=\"https:\/\/www.helmihetki.fi\/wp-content\/uploads\/2025\/06\/IMG_3960-kopio-1024x851.jpg 1024w, https:\/\/www.helmihetki.fi\/wp-content\/uploads\/2025\/06\/IMG_3960-kopio-300x249.jpg 300w, https:\/\/www.helmihetki.fi\/wp-content\/uploads\/2025\/06\/IMG_3960-kopio-768x638.jpg 768w, https:\/\/www.helmihetki.fi\/wp-content\/uploads\/2025\/06\/IMG_3960-kopio-1536x1276.jpg 1536w, https:\/\/www.helmihetki.fi\/wp-content\/uploads\/2025\/06\/IMG_3960-kopio-2048x1702.jpg 2048w\" sizes=\"auto, (max-width: 1024px) 100vw, 1024px\" \/><\/figure>\n\n\n\n<figure class=\"wp-block-image size-large\"><img loading=\"lazy\" decoding=\"async\" width=\"722\" height=\"1024\" src=\"http:\/\/www.helmihetki.fi\/wp-content\/uploads\/2025\/05\/Ruusukortti2025-722x1024.jpg\" alt=\"\" class=\"wp-image-985\" srcset=\"https:\/\/www.helmihetki.fi\/wp-content\/uploads\/2025\/05\/Ruusukortti2025-722x1024.jpg 722w, https:\/\/www.helmihetki.fi\/wp-content\/uploads\/2025\/05\/Ruusukortti2025-211x300.jpg 211w, https:\/\/www.helmihetki.fi\/wp-content\/uploads\/2025\/05\/Ruusukortti2025-768x1090.jpg 768w, https:\/\/www.helmihetki.fi\/wp-content\/uploads\/2025\/05\/Ruusukortti2025-1083x1536.jpg 1083w, https:\/\/www.helmihetki.fi\/wp-content\/uploads\/2025\/05\/Ruusukortti2025-1444x2048.jpg 1444w, https:\/\/www.helmihetki.fi\/wp-content\/uploads\/2025\/05\/Ruusukortti2025.jpg 1748w\" sizes=\"auto, (max-width: 722px) 100vw, 722px\" \/><\/figure>\n\n\n\n<figure class=\"wp-block-image size-full\"><img decoding=\"async\" src=\"http:\/\/www.helmihetki.fi\/wp-content\/uploads\/2025\/05\/Ruusut_silmilla.jpg\" alt=\"\" class=\"wp-image-982\"\/><\/figure>\n\n\n\n<figure class=\"wp-block-gallery has-nested-images columns-default is-cropped wp-block-gallery-1 is-layout-flex wp-block-gallery-is-layout-flex\"><\/figure>\n\n\n\n<figure class=\"wp-block-gallery has-nested-images columns-default is-cropped wp-block-gallery-2 is-layout-flex wp-block-gallery-is-layout-flex\">\n<figure class=\"wp-block-image size-large\"><img loading=\"lazy\" decoding=\"async\" width=\"1024\" height=\"810\" data-id=\"634\" src=\"https:\/\/www.helmihetki.fi\/wp-content\/uploads\/2022\/08\/Enkelikeinu_korttikuva-1024x810.jpg\" alt=\"\" class=\"wp-image-634\" srcset=\"https:\/\/www.helmihetki.fi\/wp-content\/uploads\/2022\/08\/Enkelikeinu_korttikuva-1024x810.jpg 1024w, https:\/\/www.helmihetki.fi\/wp-content\/uploads\/2022\/08\/Enkelikeinu_korttikuva-300x237.jpg 300w\" sizes=\"auto, (max-width: 1024px) 100vw, 1024px\" \/><\/figure>\n<\/figure>\n\n\n\n<figure class=\"wp-block-gallery has-nested-images columns-1 is-cropped wp-block-gallery-3 is-layout-flex wp-block-gallery-is-layout-flex\"><figcaption class=\"blocks-gallery-caption wp-element-caption\"><br><\/figcaption><\/figure>\n\n\n\n<p><\/p>\n\n\n\n<p><\/p>\n\n\n\n<figure class=\"wp-block-gallery has-nested-images columns-default is-cropped wp-block-gallery-4 is-layout-flex wp-block-gallery-is-layout-flex\"><\/figure>\n\n\n\n<div class=\"wp-block-buttons is-horizontal is-content-justification-center is-layout-flex wp-container-core-buttons-is-layout-499968f5 wp-block-buttons-is-layout-flex\">\n<div class=\"wp-block-button\"><a class=\"wp-block-button__link wp-element-button\" href=\"http:\/\/www.helmihetki.fi\/?page_id=13\">Tee tilaus<\/a><\/div>\n<\/div>\n\n\n\n<p><\/p>\n","protected":false},"excerpt":{"rendered":"<p>Minna Ylim\u00e4ki-Hemminki on lapualainen taidemaalari. H\u00e4n maalaa mielell\u00e4\u00e4n sisukkaita naisia, suloisia lapsia, kev\u00e4ist\u00e4 kukkaloistoa, herkki\u00e4 parisuhteita ja suojelevia siipi\u00e4. Toisinaan Ylim\u00e4ki-Hemminki kuvaa maalauksissaan my\u00f6s el\u00e4m\u00e4n syvyytt\u00e4 ja rosoa, mutta p\u00e4\u00e4llimm\u00e4isen\u00e4 tarkoituksenaan h\u00e4nell\u00e4 on ilahduttaa, rohkaista ja vahvistaa uskoa ja toivoa. TAIDEKORTITMinnan taidekortteja on myynniss\u00e4 Tuulia Designissa Kauhavalla ja taidemuseon kaupassa Lapualla. LIS\u00c4TIEDOTinfo.helmihetki@gmail.com tai p. 045 &hellip; <\/p>\n","protected":false},"author":1,"featured_media":0,"parent":0,"menu_order":0,"comment_status":"closed","ping_status":"closed","template":"","meta":{"footnotes":""},"class_list":["post-86","page","type-page","status-publish","hentry"],"_links":{"self":[{"href":"https:\/\/www.helmihetki.fi\/index.php?rest_route=\/wp\/v2\/pages\/86","targetHints":{"allow":["GET"]}}],"collection":[{"href":"https:\/\/www.helmihetki.fi\/index.php?rest_route=\/wp\/v2\/pages"}],"about":[{"href":"https:\/\/www.helmihetki.fi\/index.php?rest_route=\/wp\/v2\/types\/page"}],"author":[{"embeddable":true,"href":"https:\/\/www.helmihetki.fi\/index.php?rest_route=\/wp\/v2\/users\/1"}],"replies":[{"embeddable":true,"href":"https:\/\/www.helmihetki.fi\/index.php?rest_route=%2Fwp%2Fv2%2Fcomments&post=86"}],"version-history":[{"count":98,"href":"https:\/\/www.helmihetki.fi\/index.php?rest_route=\/wp\/v2\/pages\/86\/revisions"}],"predecessor-version":[{"id":1081,"href":"https:\/\/www.helmihetki.fi\/index.php?rest_route=\/wp\/v2\/pages\/86\/revisions\/1081"}],"wp:attachment":[{"href":"https:\/\/www.helmihetki.fi\/index.php?rest_route=%2Fwp%2Fv2%2Fmedia&parent=86"}],"curies":[{"name":"wp","href":"https:\/\/api.w.org\/{rel}","templated":true}]}}